{"id":2532,"date":"2023-03-18T15:36:18","date_gmt":"2023-03-18T14:36:18","guid":{"rendered":"https:\/\/eshop.palimeovocie.sk\/delivery-options-and-contacts\/"},"modified":"2024-04-30T09:10:16","modified_gmt":"2024-04-30T07:10:16","slug":"delivery-options-and-contacts","status":"publish","type":"page","link":"https:\/\/eshop.palimeovocie.sk\/en\/delivery-options-and-contacts\/","title":{"rendered":"Delivery options and contacts"},"content":{"rendered":"\t\t<div data-elementor-type=\"wp-page\" data-elementor-id=\"2532\" class=\"elementor elementor-2532 elementor-2518\" data-elementor-post-type=\"page\">\n\t\t\t\t\t\t<section class=\"elementor-section elementor-top-section elementor-element elementor-element-31a961c elementor-section-boxed elementor-section-height-default elementor-section-height-default\" data-id=\"31a961c\" data-element_type=\"section\" data-settings=\"{&quot;background_background&quot;:&quot;classic&quot;}\">\n\t\t\t\t\t\t<div class=\"elementor-container elementor-column-gap-default\">\n\t\t\t\t\t<div class=\"elementor-column elementor-col-100 elementor-top-column elementor-element elementor-element-63963d4\" data-id=\"63963d4\" data-element_type=\"column\" data-settings=\"{&quot;background_background&quot;:&quot;classic&quot;}\">\n\t\t\t<div class=\"elementor-widget-wrap elementor-element-populated\">\n\t\t\t\t\t\t<section class=\"elementor-section elementor-inner-section elementor-element elementor-element-7a44ba5 elementor-section-boxed elementor-section-height-default elementor-section-height-default\" data-id=\"7a44ba5\" data-element_type=\"section\" data-settings=\"{&quot;background_background&quot;:&quot;classic&quot;}\">\n\t\t\t\t\t\t<div class=\"elementor-container elementor-column-gap-default\">\n\t\t\t\t\t<div class=\"elementor-column elementor-col-100 elementor-inner-column elementor-element elementor-element-9e353f0\" data-id=\"9e353f0\" data-element_type=\"column\">\n\t\t\t<div class=\"elementor-widget-wrap elementor-element-populated\">\n\t\t\t\t\t\t<div class=\"elementor-element elementor-element-246e3b8 elementor-widget elementor-widget-heading\" data-id=\"246e3b8\" data-element_type=\"widget\" data-widget_type=\"heading.default\">\n\t\t\t\t<div class=\"elementor-widget-container\">\n\t\t\t\t\t<h2 class=\"elementor-heading-title elementor-size-default\">Delivery options<\/h2>\t\t\t\t<\/div>\n\t\t\t\t<\/div>\n\t\t\t\t<div class=\"elementor-element elementor-element-af37cc2 elementor-widget elementor-widget-image\" data-id=\"af37cc2\" data-element_type=\"widget\" data-widget_type=\"image.default\">\n\t\t\t\t<div class=\"elementor-widget-container\">\n\t\t\t\t\t\t\t\t\t\t\t\t\t\t\t<img fetchpriority=\"high\" decoding=\"async\" width=\"2406\" height=\"928\" src=\"https:\/\/eshop.palimeovocie.sk\/wp-content\/uploads\/2023\/03\/doprava-header-1.jpg\" class=\"attachment-full size-full wp-image-2525\" alt=\"\" srcset=\"https:\/\/eshop.palimeovocie.sk\/wp-content\/uploads\/2023\/03\/doprava-header-1.jpg 2406w, https:\/\/eshop.palimeovocie.sk\/wp-content\/uploads\/2023\/03\/doprava-header-1-300x116.jpg 300w, https:\/\/eshop.palimeovocie.sk\/wp-content\/uploads\/2023\/03\/doprava-header-1-1024x395.jpg 1024w, https:\/\/eshop.palimeovocie.sk\/wp-content\/uploads\/2023\/03\/doprava-header-1-768x296.jpg 768w, https:\/\/eshop.palimeovocie.sk\/wp-content\/uploads\/2023\/03\/doprava-header-1-1536x592.jpg 1536w, https:\/\/eshop.palimeovocie.sk\/wp-content\/uploads\/2023\/03\/doprava-header-1-2048x790.jpg 2048w, https:\/\/eshop.palimeovocie.sk\/wp-content\/uploads\/2023\/03\/doprava-header-1-100x39.jpg 100w, https:\/\/eshop.palimeovocie.sk\/wp-content\/uploads\/2023\/03\/doprava-header-1-1200x463.jpg 1200w, https:\/\/eshop.palimeovocie.sk\/wp-content\/uploads\/2023\/03\/doprava-header-1-800x309.jpg 800w\" sizes=\"(max-width: 2406px) 100vw, 2406px\" \/>\t\t\t\t\t\t\t\t\t\t\t\t\t\t\t<\/div>\n\t\t\t\t<\/div>\n\t\t\t\t<div class=\"elementor-element elementor-element-41b0599 elementor-widget elementor-widget-spacer\" data-id=\"41b0599\" data-element_type=\"widget\" data-widget_type=\"spacer.default\">\n\t\t\t\t<div class=\"elementor-widget-container\">\n\t\t\t\t\t\t\t<div class=\"elementor-spacer\">\n\t\t\t<div class=\"elementor-spacer-inner\"><\/div>\n\t\t<\/div>\n\t\t\t\t\t\t<\/div>\n\t\t\t\t<\/div>\n\t\t\t\t<div class=\"elementor-element elementor-element-8fbd2cc elementor-widget elementor-widget-heading\" data-id=\"8fbd2cc\" data-element_type=\"widget\" data-widget_type=\"heading.default\">\n\t\t\t\t<div class=\"elementor-widget-container\">\n\t\t\t\t\t<h2 class=\"elementor-heading-title elementor-size-default\">Delivery by courier<\/h2>\t\t\t\t<\/div>\n\t\t\t\t<\/div>\n\t\t\t\t<div class=\"elementor-element elementor-element-a82c8ec elementor-widget elementor-widget-heading\" data-id=\"a82c8ec\" data-element_type=\"widget\" data-widget_type=\"heading.default\">\n\t\t\t\t<div class=\"elementor-widget-container\">\n\t\t\t\t\t<h3 class=\"elementor-heading-title elementor-size-default\">We ship the goods directly to you by courier within 24 hours. <\/h3>\t\t\t\t<\/div>\n\t\t\t\t<\/div>\n\t\t\t\t<div class=\"elementor-element elementor-element-e9b9899 elementor-widget elementor-widget-spacer\" data-id=\"e9b9899\" data-element_type=\"widget\" data-widget_type=\"spacer.default\">\n\t\t\t\t<div class=\"elementor-widget-container\">\n\t\t\t\t\t\t\t<div class=\"elementor-spacer\">\n\t\t\t<div class=\"elementor-spacer-inner\"><\/div>\n\t\t<\/div>\n\t\t\t\t\t\t<\/div>\n\t\t\t\t<\/div>\n\t\t\t\t<div class=\"elementor-element elementor-element-72e31a6 elementor-widget elementor-widget-heading\" data-id=\"72e31a6\" data-element_type=\"widget\" data-widget_type=\"heading.default\">\n\t\t\t\t<div class=\"elementor-widget-container\">\n\t\t\t\t\t<h2 class=\"elementor-heading-title elementor-size-default\">Free shipping<\/h2>\t\t\t\t<\/div>\n\t\t\t\t<\/div>\n\t\t\t\t<div class=\"elementor-element elementor-element-aea72a6 elementor-widget elementor-widget-heading\" data-id=\"aea72a6\" data-element_type=\"widget\" data-widget_type=\"heading.default\">\n\t\t\t\t<div class=\"elementor-widget-container\">\n\t\t\t\t\t<h3 class=\"elementor-heading-title elementor-size-default\">orders over \u20ac150 will be delivered by courier for free.<\/h3>\t\t\t\t<\/div>\n\t\t\t\t<\/div>\n\t\t\t\t<div class=\"elementor-element elementor-element-19d1738 elementor-widget elementor-widget-spacer\" data-id=\"19d1738\" data-element_type=\"widget\" data-widget_type=\"spacer.default\">\n\t\t\t\t<div class=\"elementor-widget-container\">\n\t\t\t\t\t\t\t<div class=\"elementor-spacer\">\n\t\t\t<div class=\"elementor-spacer-inner\"><\/div>\n\t\t<\/div>\n\t\t\t\t\t\t<\/div>\n\t\t\t\t<\/div>\n\t\t\t\t<div class=\"elementor-element elementor-element-c21b62e elementor-widget elementor-widget-heading\" data-id=\"c21b62e\" data-element_type=\"widget\" data-widget_type=\"heading.default\">\n\t\t\t\t<div class=\"elementor-widget-container\">\n\t\t\t\t\t<h2 class=\"elementor-heading-title elementor-size-default\">Personal pickup<\/h2>\t\t\t\t<\/div>\n\t\t\t\t<\/div>\n\t\t\t\t<div class=\"elementor-element elementor-element-ba2270c elementor-widget elementor-widget-heading\" data-id=\"ba2270c\" data-element_type=\"widget\" data-widget_type=\"heading.default\">\n\t\t\t\t<div class=\"elementor-widget-container\">\n\t\t\t\t\t<h3 class=\"elementor-heading-title elementor-size-default\">You can pick up the goods in&nbsp;person in our store<\/h3>\t\t\t\t<\/div>\n\t\t\t\t<\/div>\n\t\t\t\t<div class=\"elementor-element elementor-element-7b548a0 elementor-widget elementor-widget-text-editor\" data-id=\"7b548a0\" data-element_type=\"widget\" data-widget_type=\"text-editor.default\">\n\t\t\t\t<div class=\"elementor-widget-container\">\n\t\t\t\t\t\t\t\t\t<p>SAMARIA Fruit Distillery &#8211; Discount store<br \/>Bratislavsk\u00e1 cesta 39<br \/>931 01 \u0160amor\u00edn<\/p>\n\t\t\t\t\t\t\t\t<\/div>\n\t\t\t\t<\/div>\n\t\t\t\t<div class=\"elementor-element elementor-element-7611fb6 elementor-widget elementor-widget-heading\" data-id=\"7611fb6\" data-element_type=\"widget\" data-widget_type=\"heading.default\">\n\t\t\t\t<div class=\"elementor-widget-container\">\n\t\t\t\t\t<h3 class=\"elementor-heading-title elementor-size-default\">opening hours<\/h3>\t\t\t\t<\/div>\n\t\t\t\t<\/div>\n\t\t\t\t<div class=\"elementor-element elementor-element-3cb6b86 elementor-widget elementor-widget-text-editor\" data-id=\"3cb6b86\" data-element_type=\"widget\" data-widget_type=\"text-editor.default\">\n\t\t\t\t<div class=\"elementor-widget-container\">\n\t\t\t\t\t\t\t\t\t<p>Monday &#8211; Friday<br \/><span style=\"color: var( --e-global-color-text ); background-color: var( --e-global-color-accent ); font-size: 1.286rem;\">7:30 \u2013 15:00<\/span><\/p>\n\t\t\t\t\t\t\t\t<\/div>\n\t\t\t\t<\/div>\n\t\t\t\t<div class=\"elementor-element elementor-element-8ff18b8 elementor-widget elementor-widget-google_maps\" data-id=\"8ff18b8\" data-element_type=\"widget\" data-widget_type=\"google_maps.default\">\n\t\t\t\t<div class=\"elementor-widget-container\">\n\t\t\t\t\t\t\t<div class=\"elementor-custom-embed\">\n\t\t\t<iframe loading=\"lazy\"\n\t\t\t\t\tsrc=\"https:\/\/maps.google.com\/maps?q=Bratislavska%2080%2F39%2C%20931%2001%20%C5%A0amor%C3%ADn&#038;t=m&#038;z=14&#038;output=embed&#038;iwloc=near\"\n\t\t\t\t\ttitle=\"Bratislavska 80\/39, 931 01 \u0160amor\u00edn\"\n\t\t\t\t\taria-label=\"Bratislavska 80\/39, 931 01 \u0160amor\u00edn\"\n\t\t\t><\/iframe>\n\t\t<\/div>\n\t\t\t\t\t\t<\/div>\n\t\t\t\t<\/div>\n\t\t\t\t<div class=\"elementor-element elementor-element-28e5a33 elementor-widget elementor-widget-spacer\" data-id=\"28e5a33\" data-element_type=\"widget\" data-widget_type=\"spacer.default\">\n\t\t\t\t<div class=\"elementor-widget-container\">\n\t\t\t\t\t\t\t<div class=\"elementor-spacer\">\n\t\t\t<div class=\"elementor-spacer-inner\"><\/div>\n\t\t<\/div>\n\t\t\t\t\t\t<\/div>\n\t\t\t\t<\/div>\n\t\t\t\t<div class=\"elementor-element elementor-element-f5afe4a elementor-widget elementor-widget-heading\" data-id=\"f5afe4a\" data-element_type=\"widget\" data-widget_type=\"heading.default\">\n\t\t\t\t<div class=\"elementor-widget-container\">\n\t\t\t\t\t<h2 class=\"elementor-heading-title elementor-size-default\">Discount store<\/h2>\t\t\t\t<\/div>\n\t\t\t\t<\/div>\n\t\t\t\t<div class=\"elementor-element elementor-element-38ef01c elementor-widget elementor-widget-heading\" data-id=\"38ef01c\" data-element_type=\"widget\" data-widget_type=\"heading.default\">\n\t\t\t\t<div class=\"elementor-widget-container\">\n\t\t\t\t\t<h3 class=\"elementor-heading-title elementor-size-default\">In our discount store, you can directly purchase the entire range offered without an order. \n<\/h3>\t\t\t\t<\/div>\n\t\t\t\t<\/div>\n\t\t\t\t<div class=\"elementor-element elementor-element-95f064b elementor-widget elementor-widget-text-editor\" data-id=\"95f064b\" data-element_type=\"widget\" data-widget_type=\"text-editor.default\">\n\t\t\t\t<div class=\"elementor-widget-container\">\n\t\t\t\t\t\t\t\t\t<p>e-mail: <a href=\"mailto:%20samaria@liehovar.com\" target=\"_blank\" rel=\"noopener\">samaria@liehovar.com<\/a><br \/>tel:<a href=\"tel:%20+421315601702\" target=\"_blank\" rel=\"noopener\">+ 421 315 601 702<\/a><\/p>\n\t\t\t\t\t\t\t\t<\/div>\n\t\t\t\t<\/div>\n\t\t\t\t\t<\/div>\n\t\t<\/div>\n\t\t\t\t\t<\/div>\n\t\t<\/section>\n\t\t\t\t\t<\/div>\n\t\t<\/div>\n\t\t\t\t\t<\/div>\n\t\t<\/section>\n\t\t\t\t<section class=\"elementor-section elementor-top-section elementor-element elementor-element-5d0f6c0 elementor-section-boxed elementor-section-height-default elementor-section-height-default\" data-id=\"5d0f6c0\" data-element_type=\"section\">\n\t\t\t\t\t\t<div class=\"elementor-container elementor-column-gap-default\">\n\t\t\t\t\t<div class=\"elementor-column elementor-col-100 elementor-top-column elementor-element elementor-element-fbc43ad\" data-id=\"fbc43ad\" data-element_type=\"column\">\n\t\t\t<div class=\"elementor-widget-wrap elementor-element-populated\">\n\t\t\t\t\t\t<div class=\"elementor-element elementor-element-375ad92 elementor-widget elementor-widget-image\" data-id=\"375ad92\" data-element_type=\"widget\" data-widget_type=\"image.default\">\n\t\t\t\t<div class=\"elementor-widget-container\">\n\t\t\t\t\t\t\t\t\t\t\t\t\t\t\t<img decoding=\"async\" width=\"680\" height=\"202\" src=\"https:\/\/eshop.palimeovocie.sk\/wp-content\/uploads\/2023\/03\/na-zdravie-1.png\" class=\"attachment-full size-full wp-image-2428\" alt=\"\" srcset=\"https:\/\/eshop.palimeovocie.sk\/wp-content\/uploads\/2023\/03\/na-zdravie-1.png 680w, https:\/\/eshop.palimeovocie.sk\/wp-content\/uploads\/2023\/03\/na-zdravie-1-300x89.png 300w, https:\/\/eshop.palimeovocie.sk\/wp-content\/uploads\/2023\/03\/na-zdravie-1-100x30.png 100w\" sizes=\"(max-width: 680px) 100vw, 680px\" \/>\t\t\t\t\t\t\t\t\t\t\t\t\t\t\t<\/div>\n\t\t\t\t<\/div>\n\t\t\t\t<div class=\"elementor-element elementor-element-15def5b elementor-widget elementor-widget-spacer\" data-id=\"15def5b\" data-element_type=\"widget\" data-widget_type=\"spacer.default\">\n\t\t\t\t<div class=\"elementor-widget-container\">\n\t\t\t\t\t\t\t<div class=\"elementor-spacer\">\n\t\t\t<div class=\"elementor-spacer-inner\"><\/div>\n\t\t<\/div>\n\t\t\t\t\t\t<\/div>\n\t\t\t\t<\/div>\n\t\t\t\t<div class=\"elementor-element elementor-element-19773a7 elementor-align-center elementor-widget elementor-widget-button\" data-id=\"19773a7\" data-element_type=\"widget\" data-widget_type=\"button.default\">\n\t\t\t\t<div class=\"elementor-widget-container\">\n\t\t\t\t\t\t\t\t\t<div class=\"elementor-button-wrapper\">\n\t\t\t\t\t<a class=\"elementor-button elementor-button-link elementor-size-sm\" href=\"https:\/\/eshop.palimeovocie.sk\/obchod\/\">\n\t\t\t\t\t\t<span class=\"elementor-button-content-wrapper\">\n\t\t\t\t\t\t\t\t\t<span class=\"elementor-button-text\">Show all products<\/span>\n\t\t\t\t\t<\/span>\n\t\t\t\t\t<\/a>\n\t\t\t\t<\/div>\n\t\t\t\t\t\t\t\t<\/div>\n\t\t\t\t<\/div>\n\t\t\t\t<div class=\"elementor-element elementor-element-4bb0fc8 elementor-widget elementor-widget-spacer\" data-id=\"4bb0fc8\" data-element_type=\"widget\" data-widget_type=\"spacer.default\">\n\t\t\t\t<div class=\"elementor-widget-container\">\n\t\t\t\t\t\t\t<div class=\"elementor-spacer\">\n\t\t\t<div class=\"elementor-spacer-inner\"><\/div>\n\t\t<\/div>\n\t\t\t\t\t\t<\/div>\n\t\t\t\t<\/div>\n\t\t\t\t\t<\/div>\n\t\t<\/div>\n\t\t\t\t\t<\/div>\n\t\t<\/section>\n\t\t\t\t<\/div>\n\t\t","protected":false},"excerpt":{"rendered":"<p>Delivery options Delivery by courier We ship the goods directly to you by courier within 24 hours. Free shipping orders over \u20ac150 will be delivered by courier for free. Personal pickup You can pick up the goods in&nbsp;person in our store SAMARIA Fruit Distillery &#8211; Discount storeBratislavsk\u00e1 cesta 39931 01 \u0160amor\u00edn opening hours Monday &#8211; Friday7:30 \u2013 15:00 Discount store &#8230; <\/p>\n<div><a href=\"https:\/\/eshop.palimeovocie.sk\/en\/delivery-options-and-contacts\/\" class=\"more-link\">Read More<\/a><\/div>\n","protected":false},"author":1,"featured_media":0,"parent":0,"menu_order":0,"comment_status":"closed","ping_status":"closed","template":"template-blank-4.php","meta":{"footnotes":""},"class_list":["post-2532","page","type-page","status-publish","hentry","no-post-thumbnail"],"meta_box":[],"_links":{"self":[{"href":"https:\/\/eshop.palimeovocie.sk\/en\/wp-json\/wp\/v2\/pages\/2532","targetHints":{"allow":["GET"]}}],"collection":[{"href":"https:\/\/eshop.palimeovocie.sk\/en\/wp-json\/wp\/v2\/pages"}],"about":[{"href":"https:\/\/eshop.palimeovocie.sk\/en\/wp-json\/wp\/v2\/types\/page"}],"author":[{"embeddable":true,"href":"https:\/\/eshop.palimeovocie.sk\/en\/wp-json\/wp\/v2\/users\/1"}],"replies":[{"embeddable":true,"href":"https:\/\/eshop.palimeovocie.sk\/en\/wp-json\/wp\/v2\/comments?post=2532"}],"version-history":[{"count":6,"href":"https:\/\/eshop.palimeovocie.sk\/en\/wp-json\/wp\/v2\/pages\/2532\/revisions"}],"predecessor-version":[{"id":3689,"href":"https:\/\/eshop.palimeovocie.sk\/en\/wp-json\/wp\/v2\/pages\/2532\/revisions\/3689"}],"wp:attachment":[{"href":"https:\/\/eshop.palimeovocie.sk\/en\/wp-json\/wp\/v2\/media?parent=2532"}],"curies":[{"name":"wp","href":"https:\/\/api.w.org\/{rel}","templated":true}]}}